{"id":227573,"date":"2022-08-22T19:35:24","date_gmt":"2022-08-22T16:35:24","guid":{"rendered":"https:\/\/test.olipakerran.fi\/?post_type=product&#038;p=227573"},"modified":"2022-08-22T19:53:15","modified_gmt":"2022-08-22T16:53:15","slug":"raapimisenestotumput-hedelmat","status":"publish","type":"product","link":"https:\/\/test.olipakerran.fi\/index.php\/tuote\/raapimisenestotumput-hedelmat\/","title":{"rendered":"Raapimisenestotumput Hedelm\u00e4t"},"content":{"rendered":"<p>Raapimisenestotumppuja voi k\u00e4ytt\u00e4\u00e4 my\u00f6s kev\u00e4\u00e4ll\u00e4 ja kes\u00e4iltoina pikkuisella ulkotumppuina.<\/p>\n<p>Tumput menev\u00e4t useamman kuukauden.<\/p>\n<p>Tumpuissa on silkkinauhat, joilla ne saa halutessaan rusetilla kiinni. Samaa kuosia on voitu tehd\u00e4 useamman v\u00e4risill\u00e4 nauhoilla.<\/p>\n<p>Raapimisenestotumput sopivat hyvin lahjaksi uudelle tulokkaalle. Halutessaan lahjaan voi lis\u00e4t\u00e4 esim kuolalapun, Molla- pipon tai toisen parin eri kuosia olevia raapimisenestotumppuja. Voit tehd\u00e4 tilauksen ja valita toimitusosoitteeksi lahjan saajan, jolloin me postitamme tilauksen suoraan h\u00e4nelle.<\/p>\n<p>&nbsp;<\/p>\n<p>&nbsp;<\/p>\n<p>&nbsp;<\/p>\n","protected":false},"excerpt":{"rendered":"<p>Vastasyntyneet raapivat usein itse\u00e4\u00e4n ter\u00e4vill\u00e4 kynsill\u00e4\u00e4n.<\/p>\n<p>Suojatumput est\u00e4v\u00e4t vauvaa raapimasta ja l\u00e4mmitt\u00e4v\u00e4t lis\u00e4ksi pikkuisen pieni\u00e4 k\u00e4si\u00e4<\/p>\n","protected":false},"featured_media":227578,"comment_status":"open","ping_status":"closed","template":"","meta":{"_et_pb_use_builder":"","_et_pb_old_content":"","_et_gb_content_width":""},"class_list":["post-227573","product","type-product","status-publish","has-post-thumbnail","hentry","product_cat-vauvat","product_cat-raapimisenestotumput"],"_links":{"self":[{"href":"https:\/\/test.olipakerran.fi\/index.php\/wp-json\/wp\/v2\/product\/227573","targetHints":{"allow":["GET"]}}],"collection":[{"href":"https:\/\/test.olipakerran.fi\/index.php\/wp-json\/wp\/v2\/product"}],"about":[{"href":"https:\/\/test.olipakerran.fi\/index.php\/wp-json\/wp\/v2\/types\/product"}],"replies":[{"embeddable":true,"href":"https:\/\/test.olipakerran.fi\/index.php\/wp-json\/wp\/v2\/comments?post=227573"}],"wp:featuredmedia":[{"embeddable":true,"href":"https:\/\/test.olipakerran.fi\/index.php\/wp-json\/wp\/v2\/media\/227578"}],"wp:attachment":[{"href":"https:\/\/test.olipakerran.fi\/index.php\/wp-json\/wp\/v2\/media?parent=227573"}],"curies":[{"name":"wp","href":"https:\/\/api.w.org\/{rel}","templated":true}]}}