{"id":226198,"date":"2022-08-22T09:56:20","date_gmt":"2022-08-22T06:56:20","guid":{"rendered":"https:\/\/test.olipakerran.fi\/?post_type=product&#038;p=226198"},"modified":"2022-08-22T12:06:33","modified_gmt":"2022-08-22T09:06:33","slug":"taian-uusi","status":"publish","type":"product","link":"https:\/\/test.olipakerran.fi\/index.php\/tuote\/taian-uusi\/","title":{"rendered":"Tilkkut\u00e4kki rakkaus"},"content":{"rendered":"<p>Yksinkertaista mutta kaunista. Pieni vauva on kuin tilkkut\u00e4kki, jokainen pala on uusi tie mit\u00e4 kulkea. Tarinoita ja muistoja aletaan vasta ker\u00e4\u00e4m\u00e4\u00e4n.<\/p>\n<p>Tilkkut\u00e4kki voi kulkea lapselta h\u00e4nen omalle lapselleen.<\/p>\n<p>hjhfjkdhfoshd<\/p>\n<p>fhfdg<\/p>\n<p>dgdgddjg gd gd gd ggdgdd\u00a0 gdg\u00a0 gdgydgydj\u00a0 gderueir wieuwill wkjdi uwidhci ij fjif s<\/p>\n<p>hdsjhdjhd fheifhuehf e\u00a0 fhdif ei eihfiwld qh\u00a0 hdksadhquwef\u00a0 dhiwuhduw hfeu wi iwrhiw wiruw ihrw wur wuq qqkwehqw urq oqr3q<\/p>\n<p><strong>Pituus: <\/strong>122cm<\/p>\n<p><strong>Leveys: <\/strong>80cm<\/p>\n<p>&nbsp;<\/p>\n<p>&nbsp;<\/p>\n","protected":false},"excerpt":{"rendered":"<p>Tilkkut\u00e4kki kruunaa lastenhuoneen ilmeen. Se ei kuitenkaan ole pelkk\u00e4 tunnelmanluoja, vaan k\u00e4yt\u00e4nn\u00f6llinen apulainen.<\/p>\n<p>Tilkkut\u00e4kki suojaa s\u00e4nky\u00e4, mutta sit\u00e4 voi k\u00e4ytt\u00e4\u00e4 my\u00f6s alustana vauvalle hoitop\u00f6yd\u00e4ll\u00e4 tai lattialla leikkialustana.<\/p>\n","protected":false},"featured_media":224003,"comment_status":"open","ping_status":"closed","template":"","meta":{"_et_pb_use_builder":"","_et_pb_old_content":"","_et_gb_content_width":""},"class_list":["post-226198","product","type-product","status-publish","has-post-thumbnail","hentry","product_cat-kaavat-kankaat-ompelu"],"_links":{"self":[{"href":"https:\/\/test.olipakerran.fi\/index.php\/wp-json\/wp\/v2\/product\/226198","targetHints":{"allow":["GET"]}}],"collection":[{"href":"https:\/\/test.olipakerran.fi\/index.php\/wp-json\/wp\/v2\/product"}],"about":[{"href":"https:\/\/test.olipakerran.fi\/index.php\/wp-json\/wp\/v2\/types\/product"}],"replies":[{"embeddable":true,"href":"https:\/\/test.olipakerran.fi\/index.php\/wp-json\/wp\/v2\/comments?post=226198"}],"wp:featuredmedia":[{"embeddable":true,"href":"https:\/\/test.olipakerran.fi\/index.php\/wp-json\/wp\/v2\/media\/224003"}],"wp:attachment":[{"href":"https:\/\/test.olipakerran.fi\/index.php\/wp-json\/wp\/v2\/media?parent=226198"}],"curies":[{"name":"wp","href":"https:\/\/api.w.org\/{rel}","templated":true}]}}