{"id":225064,"date":"2021-05-02T09:32:20","date_gmt":"2021-05-02T06:32:20","guid":{"rendered":"https:\/\/test.olipakerran.fi\/?post_type=product&#038;p=225064"},"modified":"2021-05-02T10:30:38","modified_gmt":"2021-05-02T07:30:38","slug":"stenzo-trikoo-kirjaimet-vaaleanpunainen-1m","status":"publish","type":"product","link":"https:\/\/test.olipakerran.fi\/index.php\/tuote\/stenzo-trikoo-kirjaimet-vaaleanpunainen-1m\/","title":{"rendered":"Stenzo trikoo Kirjaimet vaaleanpunainen 1m"},"content":{"rendered":"<p>Hinta yhdelle metrille.\u00a0 Mik\u00e4li haluat tilata 2m, saat yhden kahden metrin palan.<\/p>\n<p>Materiaali 100% luomupuuvilla<\/p>\n<p>Kankaan leveys on 150 cm.<\/p>\n<p>Neli\u00f6paino on 215g<\/p>\n<p>\u00d6ko- Tex- standardi<\/p>\n","protected":false},"excerpt":{"rendered":"<p>Hinta yhdelle metrille.\u00a0 Mik\u00e4li haluat tilata 2m, saat yhden kahden metrin palan. Materiaali 100% luomupuuvilla Kankaan leveys on 150 cm. Neli\u00f6paino on 215g \u00d6ko- Tex- standardi<\/p>\n","protected":false},"featured_media":225079,"comment_status":"open","ping_status":"closed","template":"","meta":{"_et_pb_use_builder":"","_et_pb_old_content":"","_et_gb_content_width":""},"class_list":["post-225064","product","type-product","status-publish","has-post-thumbnail","hentry","product_cat-ompelu","product_cat-kankaat","product_cat-trikoot"],"_links":{"self":[{"href":"https:\/\/test.olipakerran.fi\/index.php\/wp-json\/wp\/v2\/product\/225064","targetHints":{"allow":["GET"]}}],"collection":[{"href":"https:\/\/test.olipakerran.fi\/index.php\/wp-json\/wp\/v2\/product"}],"about":[{"href":"https:\/\/test.olipakerran.fi\/index.php\/wp-json\/wp\/v2\/types\/product"}],"replies":[{"embeddable":true,"href":"https:\/\/test.olipakerran.fi\/index.php\/wp-json\/wp\/v2\/comments?post=225064"}],"wp:featuredmedia":[{"embeddable":true,"href":"https:\/\/test.olipakerran.fi\/index.php\/wp-json\/wp\/v2\/media\/225079"}],"wp:attachment":[{"href":"https:\/\/test.olipakerran.fi\/index.php\/wp-json\/wp\/v2\/media?parent=225064"}],"curies":[{"name":"wp","href":"https:\/\/api.w.org\/{rel}","templated":true}]}}