{"id":225060,"date":"2021-05-02T09:32:20","date_gmt":"2021-05-02T06:32:20","guid":{"rendered":"https:\/\/test.olipakerran.fi\/?post_type=product&#038;p=225060"},"modified":"2021-05-02T09:33:39","modified_gmt":"2021-05-02T06:33:39","slug":"olipa-kerran-sailytyspussi","status":"publish","type":"product","link":"https:\/\/test.olipakerran.fi\/index.php\/tuote\/olipa-kerran-sailytyspussi\/","title":{"rendered":"Olipa kerran\u00ae S\u00e4ilytyspussi"},"content":{"rendered":"<p>TOIMI N\u00c4IN:<\/p>\n<p>1.Lis\u00e4\u00e4 ostoskoriin panta \/ pipo + viitta<\/p>\n<p>2. Kirjoita ostoskori sivulla kuponki koodi : OLIPA KERRAN<\/p>\n<p>3. Ostoskori miinustaa loppusummasta 9,90\u20ac, eli jumppapussin hinnan.<\/p>\n<p>4. Mik\u00e4li tilauksesi sis\u00e4lt\u00e4\u00e4 useamman setin, \u00e4l\u00e4 lis\u00e4\u00e4 jumppapusseja enemp\u00e4\u00e4 ostoskoriin. Me lis\u00e4\u00e4mme puuttuvat jumppapussit automaattisesti pakatessa.<\/p>\n","protected":false},"excerpt":{"rendered":"<p>Osta panta \/ pipo + viitta saat s\u00e4ilytyspussin veloituksetta. 1 setti = 1 pussi. Kuponki koodi OLIPA KERRAN. Luethan alempaa toimintaohjeet!<\/p>\n","protected":false},"featured_media":225046,"comment_status":"open","ping_status":"closed","template":"","meta":{"_et_pb_use_builder":"","_et_pb_old_content":"","_et_gb_content_width":""},"class_list":["post-225060","product","type-product","status-publish","has-post-thumbnail","hentry","product_cat-koko-perhe","product_cat-lorupussit-varityskuvat","product_tag-prinsessa-hattara","product_tag-rakkaus","product_tag-sylvia-yksisarvinen"],"_links":{"self":[{"href":"https:\/\/test.olipakerran.fi\/index.php\/wp-json\/wp\/v2\/product\/225060","targetHints":{"allow":["GET"]}}],"collection":[{"href":"https:\/\/test.olipakerran.fi\/index.php\/wp-json\/wp\/v2\/product"}],"about":[{"href":"https:\/\/test.olipakerran.fi\/index.php\/wp-json\/wp\/v2\/types\/product"}],"replies":[{"embeddable":true,"href":"https:\/\/test.olipakerran.fi\/index.php\/wp-json\/wp\/v2\/comments?post=225060"}],"wp:featuredmedia":[{"embeddable":true,"href":"https:\/\/test.olipakerran.fi\/index.php\/wp-json\/wp\/v2\/media\/225046"}],"wp:attachment":[{"href":"https:\/\/test.olipakerran.fi\/index.php\/wp-json\/wp\/v2\/media?parent=225060"}],"curies":[{"name":"wp","href":"https:\/\/api.w.org\/{rel}","templated":true}]}}