{"id":225059,"date":"2021-05-02T09:32:20","date_gmt":"2021-05-02T06:32:20","guid":{"rendered":"https:\/\/test.olipakerran.fi\/?post_type=product&#038;p=225059"},"modified":"2021-05-02T09:33:39","modified_gmt":"2021-05-02T06:33:39","slug":"olipa-kerran-varityskuvat-nro-2","status":"publish","type":"product","link":"https:\/\/test.olipakerran.fi\/index.php\/tuote\/olipa-kerran-varityskuvat-nro-2\/","title":{"rendered":"Olipa kerran\u00ae V\u00e4rityskuvat nro. 2"},"content":{"rendered":"<p>HALUAN TILATA VAIN V\u00c4RITYSKUVIA<\/p>\n<p>1. Laita ostoskoriin V\u00e4rityskuvat nro. 2.<\/p>\n<p>2. Mene ostoskoriin. Valitse toimitustavaksi nouto myyntipisteest\u00e4.<\/p>\n<p>3. Siirry kassalle. Hyv\u00e4ksy toimitusehdot. L\u00e4het\u00e4 tilaus.<\/p>\n<p>4. Klikkaa sivun yl\u00e4reunasta oma tili. Valitse lataukset.<\/p>\n<p>5. Nyt n\u00e4et kaikki mit\u00e4 pystyt lataamaan. Valitse haluamasi kohta (liila laatikko).<\/p>\n<p>6. Tulosta<\/p>\n<p>&nbsp;<\/p>\n<p>HALUAN TILATA V\u00c4RITYSKUVIA JA TUOTTEITA<\/p>\n<p>1. Laita ostoskoriin V\u00e4rityskuvat nro. 2.<\/p>\n<p>2. Laita ostoskoriin kaikki tuotteet mit\u00e4 haluat.<\/p>\n<p>2. Mene ostoskoriin. Valitse toimitustapa.<\/p>\n<p>3. Siirry kassalle. Hyv\u00e4ksy toimitusehdot. L\u00e4het\u00e4 tilaus.<\/p>\n<p>4. Siirryt maksamaan tilauksen Checkout maksunv\u00e4lityspalveluun.<\/p>\n<p>5. Palaat takaisin olipakerran.fi sivuille. Klikkaa sivun yl\u00e4reunasta oma tili. Valitse lataukset.<\/p>\n<p>6. Nyt n\u00e4et kaikki mit\u00e4 pystyt lataamaan. Valitse haluamasi kohta (liila laatikko).<\/p>\n<p>7. Tulosta<\/p>\n<p>8. Kun maksu n\u00e4kyy meill\u00e4 maksettuna, l\u00e4het\u00e4mme muut tilauksesi tuotteet.<\/p>\n","protected":false},"excerpt":{"rendered":"<p>V\u00e4rityskuvat Ritari, Alpakka Aaretti, Jekku Rekku ja Lohik\u00e4\u00e4rme Lennu. Yhteens\u00e4 9 kpl<\/p>\n","protected":false},"featured_media":225075,"comment_status":"open","ping_status":"closed","template":"","meta":{"_et_pb_use_builder":"","_et_pb_old_content":"","_et_gb_content_width":""},"class_list":["post-225059","product","type-product","status-publish","has-post-thumbnail","hentry","product_cat-koko-perhe","product_cat-lorupussit-varityskuvat","product_tag-alpakka-aaretti","product_tag-jekku-rekku","product_tag-lohikaarme-lennu","product_tag-ritari-rudolf"],"_links":{"self":[{"href":"https:\/\/test.olipakerran.fi\/index.php\/wp-json\/wp\/v2\/product\/225059","targetHints":{"allow":["GET"]}}],"collection":[{"href":"https:\/\/test.olipakerran.fi\/index.php\/wp-json\/wp\/v2\/product"}],"about":[{"href":"https:\/\/test.olipakerran.fi\/index.php\/wp-json\/wp\/v2\/types\/product"}],"replies":[{"embeddable":true,"href":"https:\/\/test.olipakerran.fi\/index.php\/wp-json\/wp\/v2\/comments?post=225059"}],"wp:featuredmedia":[{"embeddable":true,"href":"https:\/\/test.olipakerran.fi\/index.php\/wp-json\/wp\/v2\/media\/225075"}],"wp:attachment":[{"href":"https:\/\/test.olipakerran.fi\/index.php\/wp-json\/wp\/v2\/media?parent=225059"}],"curies":[{"name":"wp","href":"https:\/\/api.w.org\/{rel}","templated":true}]}}