{"id":225058,"date":"2021-05-02T09:32:19","date_gmt":"2021-05-02T06:32:19","guid":{"rendered":"https:\/\/test.olipakerran.fi\/?post_type=product&#038;p=225058"},"modified":"2021-05-02T09:33:26","modified_gmt":"2021-05-02T06:33:26","slug":"olipa-kerran-rohkeus-sydan-ja-ohjeet","status":"publish","type":"product","link":"https:\/\/test.olipakerran.fi\/index.php\/tuote\/olipa-kerran-rohkeus-sydan-ja-ohjeet\/","title":{"rendered":"Olipa kerran\u00ae Rohkeus-syd\u00e4n ja ohjeet"},"content":{"rendered":"<p>HALUAN TILATA ROHKEUS- SYD\u00c4MEN JA OHJEET<\/p>\n<p>1. Laita ostoskoriin Rohkeus-syd\u00e4n ja ohjeet.<\/p>\n<p>2. Mene ostoskoriin. Valitse toimitustavaksi nouto myyntipisteest\u00e4.<\/p>\n<p>3. Siirry kassalle. Hyv\u00e4ksy toimitusehdot. L\u00e4het\u00e4 tilaus.<\/p>\n<p>4. Klikkaa sivun yl\u00e4reunasta oma tili. Valitse lataukset.<\/p>\n<p>5. Nyt n\u00e4et kaikki mit\u00e4 pystyt lataamaan. Valitse haluamasi kohta (liila laatikko).<\/p>\n<p>6. Tulosta<\/p>\n<p>&nbsp;<\/p>\n<p>HALUAN TILATA ROHKEUS- SYD\u00c4MEN, OHJEET JA TUOTTEITA<\/p>\n<p>1. Laita ostoskoriin Rohkeus-syd\u00e4n ja ohjeet.<\/p>\n<p>2. Laita ostoskoriin kaikki tuotteet mit\u00e4 haluat.<\/p>\n<p>2. Mene ostoskoriin. Valitse toimitustapa.<\/p>\n<p>3. Siirry kassalle. Hyv\u00e4ksy toimitusehdot. L\u00e4het\u00e4 tilaus.<\/p>\n<p>4. Siirryt maksamaan tilauksen Checkout maksunv\u00e4lityspalveluun.<\/p>\n<p>5. Palaat takaisin olipakerran.fi sivuille. Klikkaa sivun yl\u00e4reunasta oma tili. Valitse lataukset.<\/p>\n<p>6. Nyt n\u00e4et kaikki mit\u00e4 pystyt lataamaan. Valitse haluamasi kohta (liila laatikko).<\/p>\n<p>7. Tulosta<\/p>\n<p>8. Kun maksu n\u00e4kyy meill\u00e4 maksettuna, l\u00e4het\u00e4mme muut tilauksesi tuotteet.<\/p>\n","protected":false},"excerpt":{"rendered":"<p>Lapsi k\u00e4sittelee ja harjoittelee vaikeitakin asioita ja tunteita. Rohkeus- syd\u00e4n toimii oivana apuv\u00e4lineen\u00e4 merkit\u00e4 edistymisi\u00e4.<\/p>\n","protected":false},"featured_media":225073,"comment_status":"open","ping_status":"closed","template":"","meta":{"_et_pb_use_builder":"","_et_pb_old_content":"","_et_gb_content_width":""},"class_list":["post-225058","product","type-product","status-publish","has-post-thumbnail","hentry","product_cat-koko-perhe","product_cat-lorupussit-varityskuvat","product_tag-rohkeus"],"_links":{"self":[{"href":"https:\/\/test.olipakerran.fi\/index.php\/wp-json\/wp\/v2\/product\/225058","targetHints":{"allow":["GET"]}}],"collection":[{"href":"https:\/\/test.olipakerran.fi\/index.php\/wp-json\/wp\/v2\/product"}],"about":[{"href":"https:\/\/test.olipakerran.fi\/index.php\/wp-json\/wp\/v2\/types\/product"}],"replies":[{"embeddable":true,"href":"https:\/\/test.olipakerran.fi\/index.php\/wp-json\/wp\/v2\/comments?post=225058"}],"wp:featuredmedia":[{"embeddable":true,"href":"https:\/\/test.olipakerran.fi\/index.php\/wp-json\/wp\/v2\/media\/225073"}],"wp:attachment":[{"href":"https:\/\/test.olipakerran.fi\/index.php\/wp-json\/wp\/v2\/media?parent=225058"}],"curies":[{"name":"wp","href":"https:\/\/api.w.org\/{rel}","templated":true}]}}