{"id":225054,"date":"2021-05-02T09:32:19","date_gmt":"2021-05-02T06:32:19","guid":{"rendered":"https:\/\/test.olipakerran.fi\/?post_type=product&#038;p=225054"},"modified":"2021-05-02T10:31:34","modified_gmt":"2021-05-02T07:31:34","slug":"olipa-kerran-trikoo-prinsessa-hattara-1m-pala","status":"publish","type":"product","link":"https:\/\/test.olipakerran.fi\/index.php\/tuote\/olipa-kerran-trikoo-prinsessa-hattara-1m-pala\/","title":{"rendered":"Olipa kerran\u00ae trikoo Prinsessa hattara 1m pala"},"content":{"rendered":"<p>Palan korkeus n. 1m. Mik\u00e4li haluat tilata 2 m, saat kaksi yhden metrin palaa.<\/p>\n<p>Materiaali 95% puuvilla 5% elastaani<\/p>\n<p>Kankaan leveys on 150-155cm, josta k\u00e4ytt\u00f6leveys on 140-145 cm.<\/p>\n<p>Neli\u00f6paino on 200g<\/p>\n<p>Olipa kerran\u00ae trikoo Prinsessa Hattara on meid\u00e4n omaa kangasmallistoa.<\/p>\n<p><strong>VAIN YKSITYISK\u00c4YTT\u00d6\u00d6N<\/strong><br \/>\nT\u00e4st\u00e4 kankaasta et voi valmistaa mit\u00e4\u00e4n tuotteita myyntiin. Voit kuitenkin esitell\u00e4 itse tehdyn vaatteen\/tuotteen esim. blogissa ja sosiaalisessa mediassa. Kuvan yhteydess\u00e4\u00a0tulee mainita, ett\u00e4 vaate\/tuote on itse tehty.<\/p>\n<p>[ux_banner height=&#8221;250px&#8221; bg_color=&#8221;#d3ccd9&#8243; bg_overlay=&#8221;rgba(255,255,255,.5)&#8221; effect=&#8221;sparkle&#8221;]<\/p>\n<p>[ux_image id=&#8221;1771&#8243; width=&#8221;20&#8243; position_x=&#8221;70&#8243; position_y=&#8221;75&#8243;]<\/p>\n<p>[text_box text_color=&#8221;dark&#8221; width=&#8221;21&#8243; position_x=&#8221;15&#8243; position_y=&#8221;50&#8243;]<\/p>\n<h6>Kankaalle on my\u00f6nnetty:<\/h6>\n<p>[\/text_box]<\/p>\n<p>[\/ux_banner]<\/p>\n","protected":false},"excerpt":{"rendered":"<p>Prinsessa Hattara rakastaa<br \/>\n\u00e4idin piparkakkutaikinaa,<br \/>\nsalaisuuksia, kuperkeikkoja,<br \/>\naarnio mets\u00e4n pieni\u00e4 peikkoja.<br \/>\nSill\u00e4 on syd\u00e4n puhdasta kultaa,<br \/>\nja kynsien alla kukkamultaa.<\/p>\n","protected":false},"featured_media":225069,"comment_status":"open","ping_status":"closed","template":"","meta":{"_et_pb_use_builder":"","_et_pb_old_content":"","_et_gb_content_width":""},"class_list":["post-225054","product","type-product","status-publish","has-post-thumbnail","hentry","product_cat-ompelu","product_cat-kankaat","product_cat-trikoot","product_tag-prinsessa-hattara"],"_links":{"self":[{"href":"https:\/\/test.olipakerran.fi\/index.php\/wp-json\/wp\/v2\/product\/225054","targetHints":{"allow":["GET"]}}],"collection":[{"href":"https:\/\/test.olipakerran.fi\/index.php\/wp-json\/wp\/v2\/product"}],"about":[{"href":"https:\/\/test.olipakerran.fi\/index.php\/wp-json\/wp\/v2\/types\/product"}],"replies":[{"embeddable":true,"href":"https:\/\/test.olipakerran.fi\/index.php\/wp-json\/wp\/v2\/comments?post=225054"}],"wp:featuredmedia":[{"embeddable":true,"href":"https:\/\/test.olipakerran.fi\/index.php\/wp-json\/wp\/v2\/media\/225069"}],"wp:attachment":[{"href":"https:\/\/test.olipakerran.fi\/index.php\/wp-json\/wp\/v2\/media?parent=225054"}],"curies":[{"name":"wp","href":"https:\/\/api.w.org\/{rel}","templated":true}]}}