{"id":225038,"date":"2021-05-02T09:32:07","date_gmt":"2021-05-02T06:32:07","guid":{"rendered":"https:\/\/test.olipakerran.fi\/?post_type=product&#038;p=225038"},"modified":"2021-05-02T18:11:24","modified_gmt":"2021-05-02T15:11:24","slug":"olipa-kerran-lorupussi-8-lorukorttia","status":"publish","type":"product","link":"https:\/\/test.olipakerran.fi\/index.php\/tuote\/olipa-kerran-lorupussi-8-lorukorttia\/","title":{"rendered":"Olipa kerran\u00ae Lorupussi &#038; 8 lorukorttia"},"content":{"rendered":"<p>Lorupussi &amp; 8 lorukorttia: Rohkeus, Rakkaus, Ritari Rudolf, Prinsessa hattara, Jekku Rekku, Sylvia yksisarvinen Alpakka Aaretti ja lohik\u00e4\u00e4rme lennu.<\/p>\n<p>Lorukortit ovat k\u00e4yntikorttipaksuutta, eli eiv\u00e4t kest\u00e4 kovaa k\u00e4ytt\u00f6\u00e4. Suosittelemme ett\u00e4 laminoit tai laitat kontaktimuovin v\u00e4liin ne ennen k\u00e4ytt\u00f6\u00f6n ottoa, niin ne s\u00e4ilyv\u00e4t pidemp\u00e4\u00e4n. Saatavilla my\u00f6s pieni er\u00e4 laminoituja (laminoitu ihan tavallisella kotilaitteella ja leikattu saksilla reunat. Ei siis huippulaatua, mutta varmaan kest\u00e4v\u00e4t paremmin kuin laminoimattomat).<\/p>\n<p>Lorupussiin\/ salapussiin, voit tehd\u00e4 itse lis\u00e4\u00e4 loruja, leikkej\u00e4 tai lauluja. Lapset rakastavat yhteisi\u00e4 iloisia hetki\u00e4 aikuisen kanssa.<\/p>\n<p>Pussin koko:<br \/>\nKortin koko:<\/p>\n<p>Materiaalit:<br \/>\nKangas 100% puuvilla<br \/>\nNy\u00f6ri 100% polyesteri<\/p>\n","protected":false},"excerpt":{"rendered":"<p>Salapussi, salapussi, kuka avaa mut? Kuka avaa mut?<br \/>\nPiia avaa, Piia avaa, salapussi kikattaa, naurun kera aukeaa.<br \/>\nKik kak kok! Kik kak kok!<\/p>\n","protected":false},"featured_media":0,"comment_status":"open","ping_status":"closed","template":"","meta":{"_et_pb_use_builder":"","_et_pb_old_content":"","_et_gb_content_width":""},"class_list":["post-225038","product","type-product","status-publish","hentry","product_cat-koko-perhe","product_cat-lorupussit-varityskuvat"],"_links":{"self":[{"href":"https:\/\/test.olipakerran.fi\/index.php\/wp-json\/wp\/v2\/product\/225038","targetHints":{"allow":["GET"]}}],"collection":[{"href":"https:\/\/test.olipakerran.fi\/index.php\/wp-json\/wp\/v2\/product"}],"about":[{"href":"https:\/\/test.olipakerran.fi\/index.php\/wp-json\/wp\/v2\/types\/product"}],"replies":[{"embeddable":true,"href":"https:\/\/test.olipakerran.fi\/index.php\/wp-json\/wp\/v2\/comments?post=225038"}],"wp:attachment":[{"href":"https:\/\/test.olipakerran.fi\/index.php\/wp-json\/wp\/v2\/media?parent=225038"}],"curies":[{"name":"wp","href":"https:\/\/api.w.org\/{rel}","templated":true}]}}