{"id":225019,"date":"2021-05-02T09:31:35","date_gmt":"2021-05-02T06:31:35","guid":{"rendered":"https:\/\/test.olipakerran.fi\/?post_type=product&#038;p=225019"},"modified":"2021-05-02T17:57:26","modified_gmt":"2021-05-02T14:57:26","slug":"ompelulanka-moon-1000m","status":"publish","type":"product","link":"https:\/\/test.olipakerran.fi\/index.php\/tuote\/ompelulanka-moon-1000m\/","title":{"rendered":"Ompelulanka Moon 1000m"},"content":{"rendered":"<p>Coats Moon on tarkoitettu kotiompeluun hitailla nopeuksilla. Sopii kaikenlaiseen perusompeluun vaatteista kevyisiin kodintekstiileihin. Sopii my\u00f6s saumurik\u00e4ytt\u00f6\u00f6n.<\/p>\n<p>3-s\u00e4ikeinen<\/p>\n<p>100 % kehr\u00e4tty polyesteri<\/p>\n<p>60 asteen pesu, kolmen pisteen silitys ja yhden pisteen kuivausrummutus<\/p>\n<p>yhdess\u00e4 rullassa on 1000m lankaa<\/p>\n<p>568 musta<br \/>\n000 valkoinen<br \/>\n769 turkoosi<br \/>\n5352 lime<br \/>\n153 pinkki<br \/>\n3852 persikka<br \/>\n175 vaaleanpunainen<br \/>\n366 punainen<br \/>\n7181 vaalea harmaa<br \/>\n400 luonnonvalkoinen<br \/>\n282 vaalea beige<\/p>\n","protected":false},"excerpt":{"rendered":"<p>Coats Moon on tarkoitettu kotiompeluun hitailla nopeuksilla. Sopii kaikenlaiseen perusompeluun vaatteista kevyisiin kodintekstiileihin. Sopii my\u00f6s saumurik\u00e4ytt\u00f6\u00f6n. 3-s\u00e4ikeinen 100 % kehr\u00e4tty polyesteri 60 asteen pesu, kolmen pisteen silitys ja yhden pisteen kuivausrummutus yhdess\u00e4 rullassa on 1000m lankaa 568 musta 000 valkoinen 769 turkoosi 5352 lime 153 pinkki 3852 persikka 175 vaaleanpunainen 366 punainen 7181 vaalea harmaa [&hellip;]<\/p>\n","protected":false},"featured_media":0,"comment_status":"open","ping_status":"closed","template":"","meta":{"_et_pb_use_builder":"","_et_pb_old_content":"","_et_gb_content_width":""},"class_list":["post-225019","product","type-product","status-publish","hentry","product_cat-ompelu","product_cat-ompelutarvikkeet","product_cat-langat"],"_links":{"self":[{"href":"https:\/\/test.olipakerran.fi\/index.php\/wp-json\/wp\/v2\/product\/225019","targetHints":{"allow":["GET"]}}],"collection":[{"href":"https:\/\/test.olipakerran.fi\/index.php\/wp-json\/wp\/v2\/product"}],"about":[{"href":"https:\/\/test.olipakerran.fi\/index.php\/wp-json\/wp\/v2\/types\/product"}],"replies":[{"embeddable":true,"href":"https:\/\/test.olipakerran.fi\/index.php\/wp-json\/wp\/v2\/comments?post=225019"}],"wp:attachment":[{"href":"https:\/\/test.olipakerran.fi\/index.php\/wp-json\/wp\/v2\/media?parent=225019"}],"curies":[{"name":"wp","href":"https:\/\/api.w.org\/{rel}","templated":true}]}}