{"id":225018,"date":"2021-05-02T09:31:34","date_gmt":"2021-05-02T06:31:34","guid":{"rendered":"https:\/\/test.olipakerran.fi\/?post_type=product&#038;p=225018"},"modified":"2021-05-02T09:32:43","modified_gmt":"2021-05-02T06:32:43","slug":"olipa-kerran-tahtipanta-sylvia-yksisarvinen","status":"publish","type":"product","link":"https:\/\/test.olipakerran.fi\/index.php\/tuote\/olipa-kerran-tahtipanta-sylvia-yksisarvinen\/","title":{"rendered":"Olipa kerran\u00ae T\u00e4htipanta Sylvia Yksisarvinen"},"content":{"rendered":"<p>Prinsessa, mik\u00e4s sen kivempaa kuin leikki\u00e4 prinsessaa. Lapsi itse on kankaassa oleva prinsesssa. H\u00e4nell\u00e4 on yll\u00e4\u00e4n viitta ja panta p\u00e4\u00e4ss\u00e4, ihan kuten kankaassakin. Viitan prinsessan voi nimet\u00e4 vaikka lapsen oman nimen mukaan. Sukkahousut ja paidan jos etsii kankaan Prinsessan v\u00e4reihin sopivaksi, niin t\u00e4ydellist\u00e4!<\/p>\n<p>T\u00e4hdet, t\u00e4hdet&#8230; Onko teid\u00e4n perheeseen syntynyt uusi stara? T\u00e4htipanta on v\u00e4h\u00e4n menev\u00e4mpi panta. Sopii niin pojille kuin tyt\u00f6illekin. T\u00e4h\u00e4n kaveriksi uimalasit, niin lent\u00e4j\u00e4poika on syntynyt!<\/p>\n<p>T\u00e4hden alasakara luo ik\u00f6\u00e4nkuin syd\u00e4men yl\u00e4osan kasvoille.<\/p>\n<p>Malli on unisex.<\/p>\n<p>Olipa kerran\u00ae panta on kaksinkertainen.<\/p>\n<p>K\u00e4yt\u00e4 pantaa roolileikeiss\u00e4, p\u00e4iv\u00e4kodissa arkipantana, juhlissa, seikkailuissa tai ihan vain ulkoillessa ulkovaatteiden kaverina.<\/p>\n<p>Olipa kerran\u00ae T\u00e4htipanta on meid\u00e4n omaa suojattua mallistoa ja sit\u00e4 et saa mist\u00e4\u00e4n muualta.<\/p>\n<p>Olipa kerran\u00ae Sylvia Yksisarvinen on meid\u00e4n omaa kangasmallistoa.<\/p>\n<p>[ux_banner height=&#8221;250px&#8221; bg_color=&#8221;#d3ccd9&#8243; bg_overlay=&#8221;rgba(255,255,255,.5)&#8221; effect=&#8221;sparkle&#8221;]<\/p>\n<p>[text_box text_color=&#8221;dark&#8221; width=&#8221;27&#8243; width__sm=&#8221;60&#8243; scale=&#8221;60&#8243; padding=&#8221;30px 30px 30px 30px&#8221; position_x=&#8221;10&#8243; position_y=&#8221;50&#8243; text_align=&#8221;left&#8221; bg=&#8221;rgb(255, 255, 255)&#8221; depth=&#8221;2&#8243;]<\/p>\n<h2 class=\"uppercase\" style=\"text-align: center;\"><strong>Olipa kerran\u00ae<\/strong><\/h2>\n<h3 style=\"text-align: center;\">Malli on rekister\u00f6ity<\/h3>\n<p style=\"text-align: center;\">malli nro.26121.<\/p>\n<p>[\/text_box]<br \/>\n[ux_image id=&#8221;1771&#8243; width=&#8221;20&#8243; position_x=&#8221;85&#8243; position_y=&#8221;80&#8243;]<\/p>\n<p>[text_box text_color=&#8221;dark&#8221; width=&#8221;21&#8243; position_x=&#8221;85&#8243; position_y=&#8221;10&#8243;]<\/p>\n<h6>Tuote valmistettu kankaasta, jolle on my\u00f6nnetty:<\/h6>\n<p>[\/text_box]<\/p>\n<p>[\/ux_banner]<\/p>\n","protected":false},"excerpt":{"rendered":"<p>Sylvia Yksisarvinen t\u00e4ss\u00e4<br \/>\non t\u00e4hdenlentoa t\u00e4hyst\u00e4m\u00e4ss\u00e4.<br \/>\nIhmett\u00e4 toivoo tapahtuvaksi:<br \/>\nOlispa minulla sarvia kaksi!<br \/>\nTiukuja niihin kiinnitt\u00e4isin<br \/>\nja niityll\u00e4 helisten nelist\u00e4isin.<\/p>\n","protected":false},"featured_media":225045,"comment_status":"open","ping_status":"closed","template":"","meta":{"_et_pb_use_builder":"","_et_pb_old_content":"","_et_gb_content_width":""},"class_list":["post-225018","product","type-product","status-publish","has-post-thumbnail","hentry","product_cat-lapset","product_cat-pannat","product_tag-panta","product_tag-sylvia-yksisarvinen","product_tag-tahtipanta"],"_links":{"self":[{"href":"https:\/\/test.olipakerran.fi\/index.php\/wp-json\/wp\/v2\/product\/225018","targetHints":{"allow":["GET"]}}],"collection":[{"href":"https:\/\/test.olipakerran.fi\/index.php\/wp-json\/wp\/v2\/product"}],"about":[{"href":"https:\/\/test.olipakerran.fi\/index.php\/wp-json\/wp\/v2\/types\/product"}],"replies":[{"embeddable":true,"href":"https:\/\/test.olipakerran.fi\/index.php\/wp-json\/wp\/v2\/comments?post=225018"}],"wp:featuredmedia":[{"embeddable":true,"href":"https:\/\/test.olipakerran.fi\/index.php\/wp-json\/wp\/v2\/media\/225045"}],"wp:attachment":[{"href":"https:\/\/test.olipakerran.fi\/index.php\/wp-json\/wp\/v2\/media?parent=225018"}],"curies":[{"name":"wp","href":"https:\/\/api.w.org\/{rel}","templated":true}]}}