{"id":225002,"date":"2021-05-02T09:30:57","date_gmt":"2021-05-02T06:30:57","guid":{"rendered":"https:\/\/test.olipakerran.fi\/?post_type=product&#038;p=225002"},"modified":"2021-05-02T09:31:56","modified_gmt":"2021-05-02T06:31:56","slug":"olipa-kerran-viitta-rakkaus","status":"publish","type":"product","link":"https:\/\/test.olipakerran.fi\/index.php\/tuote\/olipa-kerran-viitta-rakkaus\/","title":{"rendered":"Olipa kerran\u00ae Viitta Rakkaus"},"content":{"rendered":"<p>Rakastan rakastan&#8230;<\/p>\n<p>Rakkausviitta on tunneviitta. Samalla tavalla kuin lapsella voi olla haasteita rohkeudessa, niin hellyyden osoittaminenkin on joskus vaikeaa. Rakkaus viitta on lupa v\u00e4litt\u00e4\u00e4, osoittaa hellyytt\u00e4 ja harjoitella yhdess\u00e4 oloa ja hyv\u00e4ksynt\u00e4\u00e4. Toisaalta se voi my\u00f6s julistaa hyv\u00e4\u00e4 oloa, iloista tyytyv\u00e4ist\u00e4 mielt\u00e4 ja syv\u00e4\u00e4 rakkautta erilaisiin asioihin\u2026 Lapsista oli t\u00e4rke\u00e4t\u00e4 ett\u00e4 kangas ei ollut punainen tai pinkki. V\u00e4rit onkin valittu niin ett\u00e4 sielt\u00e4 l\u00f6ytyisi mieluisa raikas suosikki v\u00e4ri jokaiselle.<\/p>\n<p>Malli on unisex.<\/p>\n<p>Olipa kerran\u00ae viitasta saat my\u00f6s roolileikkeihin mekon. K\u00e4\u00e4nn\u00e4 viitan takaosa eteen, niin mekko on syntynyt. Kaula-aukko on muotoiltu niin ett\u00e4 voit pit\u00e4\u00e4 asustetta molemmin p\u00e4in. Viitta on lapsen helppo pukea ja riisua kainalon alla olevan kuminauhan vuoksi.<\/p>\n<p>Viitan alla voit pit\u00e4\u00e4 t-paitaa, pitk\u00e4hihaista, hihatonta, sukkahousuja, legginsej\u00e4, collegehousuja, farkkuja, mekkoa tai vaikkapa uimapukua. Viitan etuosan muotoilun vuoksi ei tarvita en\u00e4\u00e4 muita pakollisia asusteita viitan lis\u00e4ksi.<\/p>\n<p>K\u00e4yt\u00e4 viittaa roolileikeiss\u00e4, huvikseen, seikkailuissa tai ihan vain ulkoillessa ulkovaatteiden kaverina. Yhdist\u00e4 kaveriksi pipo, kruunu- tai t\u00e4htipanta!<\/p>\n<p>Olipa kerran\u00ae viitta on meid\u00e4n omaa suojattua mallistoa ja sit\u00e4 et saa mist\u00e4\u00e4n muualta.<\/p>\n<p>Olipa kerran\u00ae Rakkaus on meid\u00e4n omaa tunne- kangasmallistoa.<\/p>\n<p>[ux_banner height=&#8221;250px&#8221; bg_color=&#8221;#d3ccd9&#8243; bg_overlay=&#8221;rgba(255,255,255,.5)&#8221; effect=&#8221;sparkle&#8221;]<\/p>\n<p>[text_box text_color=&#8221;dark&#8221; width=&#8221;27&#8243; width__sm=&#8221;60&#8243; scale=&#8221;60&#8243; padding=&#8221;30px 30px 30px 30px&#8221; position_x=&#8221;10&#8243; position_y=&#8221;50&#8243; text_align=&#8221;left&#8221; bg=&#8221;rgb(255, 255, 255)&#8221; depth=&#8221;2&#8243;]<\/p>\n<h2 class=\"uppercase\" style=\"text-align: center;\"><strong>Olipa kerran\u00ae<\/strong><\/h2>\n<h3 style=\"text-align: center;\">Malli on rekister\u00f6ity<\/h3>\n<p style=\"text-align: center;\">malli nro.26121.<\/p>\n<p>[\/text_box]<br \/>\n[ux_image id=&#8221;1771&#8243; width=&#8221;20&#8243; position_x=&#8221;85&#8243; position_y=&#8221;80&#8243;]<\/p>\n<p>[text_box text_color=&#8221;dark&#8221; width=&#8221;21&#8243; position_x=&#8221;85&#8243; position_y=&#8221;10&#8243;]<\/p>\n<h6>Tuote valmistettu kankaasta, jolle on my\u00f6nnetty:<\/h6>\n<p>[\/text_box]<\/p>\n<p>[\/ux_banner]<\/p>\n","protected":false},"excerpt":{"rendered":"<p>Rakkaus on sit\u00e4, kun suukkoja saa,<br \/>\nja on joku, joka voi lohduttaa.<br \/>\njos pipi tai pettymys itkett\u00e4\u00e4,<br \/>\ntied\u00e4t, ett\u00e4 yksi sen ymm\u00e4rt\u00e4\u00e4,<br \/>\nottaa syliin ja pipiin puhaltaa.<br \/>\nSe v\u00e4h\u00e4n kutittaa &#8211; ja taas naurattaa<\/p>\n","protected":false},"featured_media":225028,"comment_status":"open","ping_status":"closed","template":"","meta":{"_et_pb_use_builder":"","_et_pb_old_content":"","_et_gb_content_width":""},"class_list":["post-225002","product","type-product","status-publish","has-post-thumbnail","hentry","product_cat-lapset","product_cat-viitat","product_tag-rakkaus","product_tag-viitta"],"_links":{"self":[{"href":"https:\/\/test.olipakerran.fi\/index.php\/wp-json\/wp\/v2\/product\/225002","targetHints":{"allow":["GET"]}}],"collection":[{"href":"https:\/\/test.olipakerran.fi\/index.php\/wp-json\/wp\/v2\/product"}],"about":[{"href":"https:\/\/test.olipakerran.fi\/index.php\/wp-json\/wp\/v2\/types\/product"}],"replies":[{"embeddable":true,"href":"https:\/\/test.olipakerran.fi\/index.php\/wp-json\/wp\/v2\/comments?post=225002"}],"wp:featuredmedia":[{"embeddable":true,"href":"https:\/\/test.olipakerran.fi\/index.php\/wp-json\/wp\/v2\/media\/225028"}],"wp:attachment":[{"href":"https:\/\/test.olipakerran.fi\/index.php\/wp-json\/wp\/v2\/media?parent=225002"}],"curies":[{"name":"wp","href":"https:\/\/api.w.org\/{rel}","templated":true}]}}