{"id":224987,"date":"2021-05-02T09:30:28","date_gmt":"2021-05-02T06:30:28","guid":{"rendered":"https:\/\/test.olipakerran.fi\/?post_type=product&#038;p=224987"},"modified":"2021-05-02T09:31:55","modified_gmt":"2021-05-02T06:31:55","slug":"olipa-kerran-kruunupanta-rohkeus","status":"publish","type":"product","link":"https:\/\/test.olipakerran.fi\/index.php\/tuote\/olipa-kerran-kruunupanta-rohkeus\/","title":{"rendered":"Olipa kerran\u00ae Kruunupanta Rohkeus"},"content":{"rendered":"<p>Mit\u00e4 on rohkeus? Kuka on rohkea? Kruunupanta Rohkeus on helppo ottaa mukaan matkalle, sit\u00e4 voi k\u00e4ytt\u00e4\u00e4 viitan kanssa tai ilman.<\/p>\n<p>Kruunupanta Rohkeus on tehty kankaasta, jossa jokainen t\u00e4hti on osa syd\u00e4nt\u00e4.<\/p>\n<p>Rohkeus viitan avulla lapsi voi k\u00e4sitell\u00e4 ja harjoitella vaikeitakin asioita ja tunteita. Viitta voi antaa ik\u00e4\u00e4n kuin luvan tehd\u00e4 tai tuntea. Rohkeusviitta on siis tunneviitta. Rohkeuspanta toimii samalla tavoin, mutta et l\u00f6yd\u00e4 kokonaista syd\u00e4nt\u00e4.<\/p>\n<p>Kolmio k\u00e4rki on se mik\u00e4 n\u00e4kyy lapsesta ulosp\u00e4in muille ihmisille. Kolmion valtava alaosa taas on lapsen piilossa olevia voimavaroja. Kolmio muistuttaa aikuista, ett\u00e4 lapsi on muutakin kuin mit\u00e4 ulosp\u00e4in n\u00e4kyy. Mukana on eletty el\u00e4m\u00e4 ja toisaalta my\u00f6s vahvuuksi, mit\u00e4 ei ole viel\u00e4 k\u00e4ytetty. Kolmio koostuu pienist\u00e4 pisteist\u00e4. Pisteet muistuttavat aikuista ja lasta, ett\u00e4 edet\u00e4\u00e4n pienin askelin \u2013 Muru murulta, kuten lorukin sen kertoo.<\/p>\n<p>T\u00e4htien v\u00e4rit tulevat sateenkaaresta (hiukan soveltaen). Lueskelin v\u00e4riterapiasta ja totesin ett\u00e4 sateenkaari on ihmeellinen ja tarunomainen. Siell\u00e4 on p\u00e4\u00e4ss\u00e4 aarre. Jokaisella v\u00e4rill\u00e4 on oma merkityksens\u00e4. Katsomalla, siis tuijottamalla tietty\u00e4 t\u00e4hte\u00e4, voi ik\u00e4\u00e4nkuin ime\u00e4 siit\u00e4 v\u00e4rin tuomaa tarvittavaa voimaa. Jokainen kankaassa oleva t\u00e4hti on osa syd\u00e4nt\u00e4. Sateenkaaressa on 7 v\u00e4ri\u00e4. Meid\u00e4n syd\u00e4mess\u00e4mme on 9 t\u00e4hte\u00e4 seitsem\u00e4ss\u00e4 v\u00e4riss\u00e4. T\u00e4htien kautta voi kulkea kohti syd\u00e4nt\u00e4 t\u00e4hti kerrallaan. Menn\u00e4\u00e4n siis pienin tavoittein kohti isompaa tavoitetta. V\u00e4lill\u00e4 voi sattua isompi harppaus ja silloin voi ansaita kaksikin saman v\u00e4rist\u00e4 t\u00e4hte\u00e4. Kun yhden syd\u00e4men on tavoittanut, voi siirty\u00e4 seuraavaan syd\u00e4meen.<\/p>\n<p>Kankaan taustav\u00e4ri syntyi kun olin lukenut v\u00e4riterapiasta eri sivustoilta. Tein eri v\u00e4rivaihtoehtoja ja kysyin lapsilta mik\u00e4 loisi heille tunteen rohkeudesta. Kaikki valitsivat saman v\u00e4rin.<\/p>\n<p>Malli on unisex.<\/p>\n<p>Olipa kerran\u00ae panta on kaksinkertainen.<\/p>\n<p>K\u00e4yt\u00e4 pantaa roolileikeiss\u00e4, p\u00e4iv\u00e4kodissa arkipantana, juhlissa, seikkailuissa tai ihan vain ulkoillessa ulkovaatteiden kaverina.<\/p>\n<p>Olipa kerran\u00ae Kruunupanta on meid\u00e4n omaa suojattua mallistoa ja sit\u00e4 et saa mist\u00e4\u00e4n muualta.<\/p>\n<p>Olipa kerran\u00ae Rohkeus on meid\u00e4n omaa tunne- kangasmallistoa.<\/p>\n<p>[ux_banner height=&#8221;250px&#8221; bg_color=&#8221;#d3ccd9&#8243; bg_overlay=&#8221;rgba(255,255,255,.5)&#8221; effect=&#8221;sparkle&#8221;]<\/p>\n<p>[text_box text_color=&#8221;dark&#8221; width=&#8221;27&#8243; width__sm=&#8221;60&#8243; scale=&#8221;60&#8243; padding=&#8221;30px 30px 30px 30px&#8221; position_x=&#8221;10&#8243; position_y=&#8221;50&#8243; text_align=&#8221;left&#8221; bg=&#8221;rgb(255, 255, 255)&#8221; depth=&#8221;2&#8243;]<\/p>\n<h2 class=\"uppercase\" style=\"text-align: center;\"><strong>Olipa kerran\u00ae<\/strong><\/h2>\n<h3 style=\"text-align: center;\">Malli on rekister\u00f6ity<\/h3>\n<p style=\"text-align: center;\">malli nro.26121.<\/p>\n<p>[\/text_box]<br \/>\n[ux_image id=&#8221;1771&#8243; width=&#8221;20&#8243; position_x=&#8221;85&#8243; position_y=&#8221;80&#8243;]<\/p>\n<p>[text_box text_color=&#8221;dark&#8221; width=&#8221;21&#8243; position_x=&#8221;85&#8243; position_y=&#8221;10&#8243;]<\/p>\n<h6>Tuote valmistettu kankaasta, jolle on my\u00f6nnetty:<\/h6>\n<p>[\/text_box]<\/p>\n<p>[\/ux_banner]<\/p>\n","protected":false},"excerpt":{"rendered":"<p>Rohkeus on sellainen ihme suuri,<br \/>\nsen omasta itsest\u00e4\u00e4n l\u00f6yt\u00e4\u00e4 juuri<br \/>\nkun kaikkein eniten pelottaa.<br \/>\nM\u00f6rk\u00f6j\u00e4 rohkeus kammottaa.<br \/>\nSit\u00e4 lapseenkin mahtuu valtavasti:<br \/>\nmuru kerrallaan ker\u00e4t\u00e4\u00e4n<br \/>\nrohkeuslasti.<\/p>\n","protected":false},"featured_media":225015,"comment_status":"open","ping_status":"closed","template":"","meta":{"_et_pb_use_builder":"","_et_pb_old_content":"","_et_gb_content_width":""},"class_list":["post-224987","product","type-product","status-publish","has-post-thumbnail","hentry","product_cat-lapset","product_cat-pannat","product_tag-kruunu","product_tag-kruunupanta","product_tag-panta","product_tag-rohkeus"],"_links":{"self":[{"href":"https:\/\/test.olipakerran.fi\/index.php\/wp-json\/wp\/v2\/product\/224987","targetHints":{"allow":["GET"]}}],"collection":[{"href":"https:\/\/test.olipakerran.fi\/index.php\/wp-json\/wp\/v2\/product"}],"about":[{"href":"https:\/\/test.olipakerran.fi\/index.php\/wp-json\/wp\/v2\/types\/product"}],"replies":[{"embeddable":true,"href":"https:\/\/test.olipakerran.fi\/index.php\/wp-json\/wp\/v2\/comments?post=224987"}],"wp:featuredmedia":[{"embeddable":true,"href":"https:\/\/test.olipakerran.fi\/index.php\/wp-json\/wp\/v2\/media\/225015"}],"wp:attachment":[{"href":"https:\/\/test.olipakerran.fi\/index.php\/wp-json\/wp\/v2\/media?parent=224987"}],"curies":[{"name":"wp","href":"https:\/\/api.w.org\/{rel}","templated":true}]}}