{"id":224790,"date":"2021-05-02T09:14:00","date_gmt":"2021-05-02T06:14:00","guid":{"rendered":"https:\/\/test.olipakerran.fi\/?post_type=product&#038;p=224790"},"modified":"2021-05-02T09:16:37","modified_gmt":"2021-05-02T06:16:37","slug":"olipa-kerran-kruunupipo-rakkaus","status":"publish","type":"product","link":"https:\/\/test.olipakerran.fi\/index.php\/tuote\/olipa-kerran-kruunupipo-rakkaus\/","title":{"rendered":"Olipa kerran\u00ae Kruunupipo Rakkaus"},"content":{"rendered":"<p>Kukapa lapsi ei haluaisi olla ulkona prinssi tai prinsessa. Kruunupipon kruunun sakarat ovat hauska uutuus. Kun katsot lastasi oikealla hetkell\u00e4, saatat n\u00e4hd\u00e4 h\u00e4nell\u00e4 p\u00e4\u00e4ss\u00e4 pelk\u00e4n kruunun. Toisessa hetkess\u00e4 n\u00e4et pipon ja kolmannessa hetkess\u00e4 kruunupipon.<\/p>\n<p>Rakkauspipo on tunnepipo. Samalla tavalla kuin lapsella voi olla haasteita rohkeudessa, niin hellyyden osoittaminenkin on joskus vaikeaa. Rakkaus pipo on lupa v\u00e4litt\u00e4\u00e4, osoittaa hellyytt\u00e4 ja harjoitella yhdess\u00e4 oloa ja hyv\u00e4ksynt\u00e4\u00e4. Toisaalta se voi my\u00f6s julistaa hyv\u00e4\u00e4 oloa, iloista tyytyv\u00e4ist\u00e4 mielt\u00e4 ja syv\u00e4\u00e4 rakkautta erilaisiin asioihin\u2026 Lapsista oli t\u00e4rke\u00e4t\u00e4 ett\u00e4 kangas ei ollut punainen tai pinkki. V\u00e4rit onkin valittu niin ett\u00e4 sielt\u00e4 l\u00f6ytyisi mieluisa raikas suosikki v\u00e4ri jokaiselle.<\/p>\n<p>Malli on unisex.<\/p>\n<p>Olipa kerran\u00ae pipo on kaksinkertainen ja otsalla on kangasta 4 kerrosta.<\/p>\n<p>K\u00e4yt\u00e4 pipoa roolileikeiss\u00e4, seikkailuissa tai ihan vain ulkoillessa ulkovaatteiden kaverina.<\/p>\n<p>Olipa kerran\u00ae Kruunupipo on meid\u00e4n omaa suojattua mallistoa ja sit\u00e4 et saa mist\u00e4\u00e4n muualta.<\/p>\n<p>Olipa kerran\u00ae Rakkaus on meid\u00e4n omaa tunne- kangasmallistoa.<\/p>\n<p>[ux_banner height=&#8221;250px&#8221; bg_color=&#8221;#d3ccd9&#8243; bg_overlay=&#8221;rgba(255,255,255,.5)&#8221; effect=&#8221;sparkle&#8221;]<\/p>\n<p>[text_box text_color=&#8221;dark&#8221; width=&#8221;27&#8243; width__sm=&#8221;60&#8243; scale=&#8221;60&#8243; padding=&#8221;30px 30px 30px 30px&#8221; position_x=&#8221;10&#8243; position_y=&#8221;50&#8243; text_align=&#8221;left&#8221; bg=&#8221;rgb(255, 255, 255)&#8221; depth=&#8221;2&#8243;]<\/p>\n<h2 class=\"uppercase\" style=\"text-align: center;\"><strong>Olipa kerran\u00ae<\/strong><\/h2>\n<h3 style=\"text-align: center;\">Malli on rekister\u00f6ity<\/h3>\n<p style=\"text-align: center;\">malli nro.26121.<\/p>\n<p>[\/text_box]<br \/>\n[ux_image id=&#8221;1771&#8243; width=&#8221;20&#8243; position_x=&#8221;85&#8243; position_y=&#8221;80&#8243;]<\/p>\n<p>[text_box text_color=&#8221;dark&#8221; width=&#8221;21&#8243; position_x=&#8221;85&#8243; position_y=&#8221;10&#8243;]<\/p>\n<h6>Tuote valmistettu kankaasta, jolle on my\u00f6nnetty:<\/h6>\n<p>[\/text_box]<\/p>\n<p>[\/ux_banner]<\/p>\n","protected":false},"excerpt":{"rendered":"<p>Rakkaus on sit\u00e4, kun suukkoja saa,<br \/>\nja on joku, joka voi lohduttaa.<br \/>\njos pipi tai pettymys itkett\u00e4\u00e4,<br \/>\ntied\u00e4t, ett\u00e4 yksi sen ymm\u00e4rt\u00e4\u00e4,<br \/>\nottaa syliin ja pipiin puhaltaa.<br \/>\nSe v\u00e4h\u00e4n kutittaa &#8211; ja taas naurattaa<\/p>\n","protected":false},"featured_media":224845,"comment_status":"open","ping_status":"closed","template":"","meta":{"_et_pb_use_builder":"","_et_pb_old_content":"","_et_gb_content_width":""},"class_list":["post-224790","product","type-product","status-publish","has-post-thumbnail","hentry","product_cat-lapset","product_cat-pipot","product_tag-kruunu","product_tag-kruunupipo","product_tag-pipo","product_tag-rakkaus"],"_links":{"self":[{"href":"https:\/\/test.olipakerran.fi\/index.php\/wp-json\/wp\/v2\/product\/224790","targetHints":{"allow":["GET"]}}],"collection":[{"href":"https:\/\/test.olipakerran.fi\/index.php\/wp-json\/wp\/v2\/product"}],"about":[{"href":"https:\/\/test.olipakerran.fi\/index.php\/wp-json\/wp\/v2\/types\/product"}],"replies":[{"embeddable":true,"href":"https:\/\/test.olipakerran.fi\/index.php\/wp-json\/wp\/v2\/comments?post=224790"}],"wp:featuredmedia":[{"embeddable":true,"href":"https:\/\/test.olipakerran.fi\/index.php\/wp-json\/wp\/v2\/media\/224845"}],"wp:attachment":[{"href":"https:\/\/test.olipakerran.fi\/index.php\/wp-json\/wp\/v2\/media?parent=224790"}],"curies":[{"name":"wp","href":"https:\/\/api.w.org\/{rel}","templated":true}]}}