{"id":224633,"date":"2021-05-02T09:09:21","date_gmt":"2021-05-02T06:09:21","guid":{"rendered":"https:\/\/test.olipakerran.fi\/?post_type=product&#038;p=224633"},"modified":"2021-05-02T09:13:22","modified_gmt":"2021-05-02T06:13:22","slug":"olipa-kerran-kruunupanta-yksivarinen","status":"publish","type":"product","link":"https:\/\/test.olipakerran.fi\/index.php\/tuote\/olipa-kerran-kruunupanta-yksivarinen\/","title":{"rendered":"Olipa kerran\u00ae Kruunupanta Yksiv\u00e4rinen"},"content":{"rendered":"<p>Kukapa lapsi ei haluaisi olla prinssi tai prinsessa. Kruunupanta kruunaa juhla-asun tai arki vaatteet. Kokeile laittaa hiukset ponih\u00e4nn\u00e4lle, saparoille taikka leteille, niin on ihan erilainen tunnelma. Pojilla voi huiskasta hiukset pystyyn sojottamaan tai vedell\u00e4 p\u00e4\u00e4t\u00e4 my\u00f6ten, niin on ihan kuin eri ritari kyl\u00e4ss\u00e4.<\/p>\n<p>Malli on unisex.<\/p>\n<p>Olipa kerran\u00ae panta on kaksinkertainen.<\/p>\n<p>K\u00e4yt\u00e4 pantaa roolileikeiss\u00e4, p\u00e4iv\u00e4kodissa arkipantana, juhlissa, seikkailuissa tai ihan vain ulkoillessa ulkovaatteiden kaverina.<\/p>\n<p>Olipa kerran\u00ae Kruunupanta on meid\u00e4n omaa suojattua mallistoa ja sit\u00e4 et saa mist\u00e4\u00e4n muualta.<\/p>\n<p>[ux_banner height=&#8221;250px&#8221; bg_color=&#8221;#d3ccd9&#8243; bg_overlay=&#8221;rgba(255,255,255,.5)&#8221; effect=&#8221;sparkle&#8221;]<\/p>\n<p>[text_box text_color=&#8221;dark&#8221; width=&#8221;24&#8243; width__sm=&#8221;60&#8243; scale=&#8221;60&#8243; padding=&#8221;30px 30px 30px 30px&#8221; position_x=&#8221;5&#8243; position_y=&#8221;50&#8243; text_align=&#8221;left&#8221; bg=&#8221;rgb(255, 255, 255)&#8221; depth=&#8221;2&#8243;]<\/p>\n<h2 class=\"uppercase\"><strong>Olipa kerran\u00ae<\/strong><\/h2>\n<h3>Malli on rekister\u00f6ity<\/h3>\n<p>malli nro.26121.<\/p>\n<p>[\/text_box]<br \/>\n[ux_image id=&#8221;538&#8243; width=&#8221;19&#8243; position_x=&#8221;90&#8243; position_y=&#8221;85&#8243;]<\/p>\n<p>[text_box text_color=&#8221;dark&#8221; width=&#8221;19&#8243; position_x=&#8221;90&#8243; position_y=&#8221;10&#8243;]<\/p>\n<h6>Tuote valmistettu kankaasta, jolle my\u00f6nnetty:<\/h6>\n<p>[\/text_box]<\/p>\n<p>[\/ux_banner]<\/p>\n","protected":false},"excerpt":{"rendered":"<p>Ristiin rastiin valloittaa katseita mustien, harmaiden ja valkoisten vaatteiden kanssa.<\/p>\n","protected":false},"featured_media":224707,"comment_status":"open","ping_status":"closed","template":"","meta":{"_et_pb_use_builder":"","_et_pb_old_content":"","_et_gb_content_width":""},"class_list":["post-224633","product","type-product","status-publish","has-post-thumbnail","hentry","product_cat-lapset","product_cat-pannat","product_tag-kruunu","product_tag-kruunupanta","product_tag-panta","product_tag-yksivarinen"],"_links":{"self":[{"href":"https:\/\/test.olipakerran.fi\/index.php\/wp-json\/wp\/v2\/product\/224633","targetHints":{"allow":["GET"]}}],"collection":[{"href":"https:\/\/test.olipakerran.fi\/index.php\/wp-json\/wp\/v2\/product"}],"about":[{"href":"https:\/\/test.olipakerran.fi\/index.php\/wp-json\/wp\/v2\/types\/product"}],"replies":[{"embeddable":true,"href":"https:\/\/test.olipakerran.fi\/index.php\/wp-json\/wp\/v2\/comments?post=224633"}],"wp:featuredmedia":[{"embeddable":true,"href":"https:\/\/test.olipakerran.fi\/index.php\/wp-json\/wp\/v2\/media\/224707"}],"wp:attachment":[{"href":"https:\/\/test.olipakerran.fi\/index.php\/wp-json\/wp\/v2\/media?parent=224633"}],"curies":[{"name":"wp","href":"https:\/\/api.w.org\/{rel}","templated":true}]}}