{"id":224599,"date":"2021-05-02T09:08:04","date_gmt":"2021-05-02T06:08:04","guid":{"rendered":"https:\/\/test.olipakerran.fi\/?post_type=product&#038;p=224599"},"modified":"2021-05-02T09:12:22","modified_gmt":"2021-05-02T06:12:22","slug":"olipa-kerran-tahtipanta-pallo-viinirypale","status":"publish","type":"product","link":"https:\/\/test.olipakerran.fi\/index.php\/tuote\/olipa-kerran-tahtipanta-pallo-viinirypale\/","title":{"rendered":"Olipa kerran\u00ae T\u00e4htipanta Pallo viiniryp\u00e4le"},"content":{"rendered":"<p>T\u00e4hden alasakara luo ik\u00f6\u00e4nkuin syd\u00e4men yl\u00e4osan kasvoille.<\/p>\n<p>Malli on unisex.<\/p>\n<p>Olipa kerran\u00ae panta on kaksinkertainen.<\/p>\n<p>K\u00e4yt\u00e4 pantaa roolileikeiss\u00e4, p\u00e4iv\u00e4kodissa arkipantana, juhlissa, seikkailuissa tai ihan vain ulkoillessa ulkovaatteiden kaverina.<\/p>\n<p>Olipa kerran\u00ae T\u00e4htipanta on meid\u00e4n omaa suojattua mallistoa ja sit\u00e4 et saa mist\u00e4\u00e4n muualta.<\/p>\n<p>[ux_banner height=&#8221;250px&#8221; bg_color=&#8221;#d3ccd9&#8243; bg_overlay=&#8221;rgba(255,255,255,.5)&#8221; effect=&#8221;sparkle&#8221;]<\/p>\n<p>[text_box text_color=&#8221;dark&#8221; width=&#8221;24&#8243; width__sm=&#8221;60&#8243; scale=&#8221;60&#8243; padding=&#8221;30px 30px 30px 30px&#8221; position_x=&#8221;5&#8243; position_y=&#8221;50&#8243; text_align=&#8221;left&#8221; bg=&#8221;rgb(255, 255, 255)&#8221; depth=&#8221;2&#8243;]<\/p>\n<h2 class=\"uppercase\"><strong>Olipa kerran\u00ae<\/strong><\/h2>\n<h3>Malli on rekister\u00f6ity<\/h3>\n<p>malli nro.26121.<\/p>\n<p>[\/text_box]<br \/>\n[ux_image id=&#8221;538&#8243; width=&#8221;19&#8243; position_x=&#8221;90&#8243; position_y=&#8221;85&#8243;]<\/p>\n<p>[text_box text_color=&#8221;dark&#8221; width=&#8221;19&#8243; position_x=&#8221;90&#8243; position_y=&#8221;10&#8243;]<\/p>\n<h6>Tuote valmistettu kankaasta, jolle my\u00f6nnetty:<\/h6>\n<p>[\/text_box]<\/p>\n<p>[\/ux_banner]<\/p>\n","protected":false},"excerpt":{"rendered":"<p>T\u00e4hdet, t\u00e4hdet&#8230; Onko teid\u00e4n perheeseen syntynyt uusi stara? T\u00e4htipanta on v\u00e4h\u00e4n menev\u00e4mpi panta, mutta istuu p\u00e4\u00e4h\u00e4n my\u00f6s rauhallisemmallekin lapselle. Glitteri\u00e4, rimpsuhelmoja, v\u00e4reihin sopiva paita ja mikrofoni, niin pikkuneiti voi aloittaa esiintymisens\u00e4.<\/p>\n","protected":false},"featured_media":224697,"comment_status":"open","ping_status":"closed","template":"","meta":{"_et_pb_use_builder":"","_et_pb_old_content":"","_et_gb_content_width":""},"class_list":["post-224599","product","type-product","status-publish","has-post-thumbnail","hentry","product_cat-lapset","product_cat-pannat","product_tag-panta","product_tag-tahtipanta"],"_links":{"self":[{"href":"https:\/\/test.olipakerran.fi\/index.php\/wp-json\/wp\/v2\/product\/224599","targetHints":{"allow":["GET"]}}],"collection":[{"href":"https:\/\/test.olipakerran.fi\/index.php\/wp-json\/wp\/v2\/product"}],"about":[{"href":"https:\/\/test.olipakerran.fi\/index.php\/wp-json\/wp\/v2\/types\/product"}],"replies":[{"embeddable":true,"href":"https:\/\/test.olipakerran.fi\/index.php\/wp-json\/wp\/v2\/comments?post=224599"}],"wp:featuredmedia":[{"embeddable":true,"href":"https:\/\/test.olipakerran.fi\/index.php\/wp-json\/wp\/v2\/media\/224697"}],"wp:attachment":[{"href":"https:\/\/test.olipakerran.fi\/index.php\/wp-json\/wp\/v2\/media?parent=224599"}],"curies":[{"name":"wp","href":"https:\/\/api.w.org\/{rel}","templated":true}]}}