{"id":13,"date":"2021-04-25T20:41:14","date_gmt":"2021-04-25T17:41:14","guid":{"rendered":"https:\/\/test.olipakerran.fi\/?post_type=product&#038;p=13"},"modified":"2021-05-02T09:40:23","modified_gmt":"2021-05-02T06:40:23","slug":"tuubihuivi","status":"publish","type":"product","link":"https:\/\/test.olipakerran.fi\/index.php\/tuote\/tuubihuivi\/","title":{"rendered":"Tuubihuivi"},"content":{"rendered":"<p><strong>LEIKKAAMINEN:<\/strong><\/p>\n<p><strong>3 tuubihuivia:<\/strong><\/p>\n<p>Aika usein kangas tulee taittopakalta leikattuna, eli se on jo valmiiksi puoliksi viikattuna. Anna kankaan olla niin. Jos sinulla on kangas mik\u00e4 ei ole puoliksi viikattuna, niin taita kangas kaksinkerroin niin ett\u00e4 hulpiot ovat p\u00e4\u00e4llek\u00e4in. Hulpio on se ruma reuna, miss\u00e4 on usein sellaisia pieni\u00e4 reiki\u00e4, liimapintaa ja osassa valkoinen kaistale kirjoituksen kera. Leikkaa korkeus 51,5 cm leveys 71cm.\u00a0 Leikkaa taitteen puolelta 23cm ja sitten hulpiopuolelle j\u00e4\u00e4 48cm. N\u00e4in toimien saat taitteelta yhden ja sitten hulpiopuolelta tulee kaksi (ovat p\u00e4\u00e4llekk\u00e4in).<\/p>\n<p><strong>1 Tuubihuivi:<\/strong><\/p>\n<p>Korkeus 51,5 cm ja leveys 48 cm. Pienelle 98-104 vaatekokoa k\u00e4ytt\u00e4v\u00e4lle riitt\u00e4\u00e4 23cm.<\/p>\n<p><strong>OMPELU:<\/strong><\/p>\n<ol>\n<li>Taita korkeussuunnassa kaksinkerroin: Laita kangas oikeinp\u00e4in (kuvio n\u00e4kyviss\u00e4) p\u00f6yd\u00e4lle. Katso ett\u00e4 langansuunta on pystyss\u00e4, eli ne pienet viivat ovat niin ett\u00e4 voit seurata viivaa alhaalta yl\u00f6s. Nyt nosta kangasta alareunasta ja taita se yl\u00e4reunan kanssa tasan. Nyt edess\u00e4si tulisi olla nurinperin kangas, sli olet laittanut oikeat puolet kankaasta vastakkain.<\/li>\n<li>Ompele saumurilla yl\u00e4reuna kiinni.<\/li>\n<li>K\u00e4\u00e4nn\u00e4 oikea puoli kankaasta esille: Laita k\u00e4si rei\u00e4st\u00e4 ja ota kiinni uloimmasta kankaanosasta. Ved\u00e4 k\u00e4si takaisin pit\u00e4m\u00e4ll\u00e4 kiinni kankaasta.<\/li>\n<li>Suorista sauma ylh\u00e4\u00e4lle.<\/li>\n<li>taita kaksinkerroin.<\/li>\n<li>Ota yl\u00e4reunan saumakohdasta kiinni. Oikeat puolet vastakkain.<\/li>\n<li>Aloita ompelemaan saumurilla reippaasti ennen saumakohtaa. Ompele niin kauan kunnes olet niin sanotusti palannut l\u00e4ht\u00f6kohdan l\u00e4helle. J\u00e4t\u00e4 ompelematta n. 6cm. Se on sauma aukko.<\/li>\n<li>K\u00e4\u00e4nn\u00e4 ymp\u00e4ri: Laita ompelematta j\u00e4\u00e4neest\u00e4 kolosta sormia sis\u00e4lle ja ved\u00e4 kangas ulos.<\/li>\n<li>Siloita. Etsi sauma aukko. Ompele sauma aukko kiinni ompelukoneella l\u00e4helt\u00e4 reunaa. T\u00e4h\u00e4n kohtaan voit laittaa koko- tai ja pesumerkin.<\/li>\n<li>K\u00e4\u00e4nn\u00e4 ymp\u00e4ri. Siirr\u00e4 yl\u00e4reunan sauma sis\u00e4puolelle. Valitse mihin haluat sen. Katso ett\u00e4 miss\u00e4\u00e4n ulkopuolella ei n\u00e4y sauma aukon ommelta.<\/li>\n<li>Siloita nyt eritt\u00e4in huolella. Ompele alareunaan merkki. Merkki pit\u00e4\u00e4 sauman oikealla paikallaan k\u00e4yt\u00f6ss\u00e4.<\/li>\n<li>Olet valmis. Hyv\u00e4 Sin\u00e4!<\/li>\n<\/ol>\n<p>&nbsp;<\/p>\n","protected":false},"excerpt":{"rendered":"<p>Tuubihuivi suojaa kaulaa viimalta ja l\u00e4mmit\u00e4\u00e4 mukavasti.<\/p>\n<p>Voit valmistaa tuubihuivin trikoosta tai merinovilla interlockista.<\/p>\n","protected":false},"featured_media":14,"comment_status":"open","ping_status":"closed","template":"","meta":{"_et_pb_use_builder":"","_et_pb_old_content":"","_et_gb_content_width":""},"class_list":["post-13","product","type-product","status-publish","has-post-thumbnail","hentry","product_cat-korut","product_cat-kaavat-kankaat-ompelu"],"_links":{"self":[{"href":"https:\/\/test.olipakerran.fi\/index.php\/wp-json\/wp\/v2\/product\/13","targetHints":{"allow":["GET"]}}],"collection":[{"href":"https:\/\/test.olipakerran.fi\/index.php\/wp-json\/wp\/v2\/product"}],"about":[{"href":"https:\/\/test.olipakerran.fi\/index.php\/wp-json\/wp\/v2\/types\/product"}],"replies":[{"embeddable":true,"href":"https:\/\/test.olipakerran.fi\/index.php\/wp-json\/wp\/v2\/comments?post=13"}],"wp:featuredmedia":[{"embeddable":true,"href":"https:\/\/test.olipakerran.fi\/index.php\/wp-json\/wp\/v2\/media\/14"}],"wp:attachment":[{"href":"https:\/\/test.olipakerran.fi\/index.php\/wp-json\/wp\/v2\/media?parent=13"}],"curies":[{"name":"wp","href":"https:\/\/api.w.org\/{rel}","templated":true}]}}