{"id":3,"date":"2021-04-25T20:13:25","date_gmt":"2021-04-25T17:13:25","guid":{"rendered":"https:\/\/test.olipakerran.fi\/?page_id=3"},"modified":"2021-05-02T18:25:19","modified_gmt":"2021-05-02T15:25:19","slug":"tietosuojaseloste","status":"publish","type":"page","link":"https:\/\/test.olipakerran.fi\/index.php\/tietosuojaseloste\/","title":{"rendered":"Tietosuojaseloste 1.5.2021"},"content":{"rendered":"\n<p>Verkkosivustomme osoite on: https:\/\/olipakerran.fi.<br>Rekisterinpit\u00e4j\u00e4: Mollavauva Oy<br>M\u00e4ntytie 23, 02270 Espoo<br>p.0456029101<br>asiakaspalvelu@mollavauva.fi<br>Y-tunnus: 2467203-9<br>\u00a0<br><strong>Ker\u00e4\u00e4m\u00e4mme tiedot ja niiden k\u00e4ytt\u00f6<\/strong><br>Ker\u00e4\u00e4mme henkil\u00f6tietoja asiakassuhteen hoitamista varten. Henkil\u00f6tietojen k\u00e4sittelyn oikeusperusteena on meid\u00e4n v\u00e4linen sopimus ja siit\u00e4 johtuvat lakis\u00e4\u00e4teiset velvoitteet. Henkil\u00f6tietojen antaminen on edellytys sopimuksen syntymiselle. Toisin sanoen et voi tilata verkkokaupastamme tavaroita, jos et anna henkil\u00f6tietojasi.<br>Tiedot sinulta itselt\u00e4si:<br>-Yhteystiedot kuten nimi, osoite, puhelin, s\u00e4hk\u00f6posti<br>Palvelun k\u00e4yt\u00f6st\u00e4 havaittavat tiedot:<br>-Maksutiedot<br>-Toimitustiedot kuten toimitustapa ja toimitusosoite<br>-Ostoshistoria esim. tilaamasi tuotteet, tuotteiden hinnat, toimitustavat<br>-Tuotearvostelut<br>Ker\u00e4\u00e4mme henkil\u00f6tietoja my\u00f6s markkinointia varten. Henkil\u00f6tietojen k\u00e4sittelyn oikeusperusteena on suostumus.<br>Kun sivuston k\u00e4ytt\u00e4j\u00e4t j\u00e4tt\u00e4v\u00e4t kommentteja sivustolle, ker\u00e4\u00e4mme kommenttilomakkeessa olevat tiedot, sek\u00e4 k\u00e4ytt\u00e4j\u00e4n IP-osoitteen ja selaimen versiotiedot roskaviestien tunnistamisen helpottamiseksi.<br>Kun vierailijat j\u00e4tt\u00e4v\u00e4t kommentin t\u00e4lle sivustolle ker\u00e4\u00e4mme tiedon, joka on n\u00e4kyviss\u00e4 kommentointikentiss\u00e4, IP-osoitteen sek\u00e4 selaimen versioon liittyv\u00e4t tiedot. S\u00e4hk\u00f6postiosoitteesta luotu anonymisoitu hajautustieto (hash) voidaan l\u00e4hett\u00e4\u00e4 Gravatar-palveluun, jotta tiedet\u00e4\u00e4n onko kommentoija palvelun k\u00e4ytt\u00e4j\u00e4. Gravatar-palvelun tietosuojaseloste l\u00f6ytyy osoitteesta https:\/\/automattic.com\/privacy\/.<br>Tallennamme rekister\u00f6ityneiden k\u00e4ytt\u00e4jien\u00a0 k\u00e4ytt\u00e4j\u00e4profiilien tiedot esim. tuotearvostelut tarjotaksemme paremman asiakassuhteen sek\u00e4 kehitt\u00e4\u00e4ksemme verkkokauppamme tuotteita ja palveluita. Henkil\u00f6tietojen k\u00e4sittelyn oikeusperusteena on suostumus.<br>Ker\u00e4\u00e4mme kaikilta sivustomme k\u00e4ytt\u00e4jilt\u00e4:<br>-IP-osoitteen<br>-k\u00e4ytt\u00f6j\u00e4rjestelm\u00e4n ja laitteen<br><strong>Media<\/strong><br>Mik\u00e4li lataat kuvia t\u00e4lle sivustolle, sinun tulee v\u00e4ltt\u00e4\u00e4 sellaisten kuvien lataamista, joissa on tallennettu paikkatieto (EXIF GPS). Sivuston vierailijat voivat ladata ja katsoa paikkatietoa kuvista, joita sivustolla on.<br>Sivustomme k\u00e4ytt\u00e4\u00e4 erilaisia sosiaalisen median osia, joiden avulla voit siirt\u00e4\u00e4 tietoja erilaisiin sosiaalisiin medioihin esim. Facebook, Instagram ja Pinterest. Suosittelemme, ett\u00e4 tutustut n\u00e4iden palveluntarjoajien tietosuojak\u00e4yt\u00e4nt\u00f6ihin.<br><strong>Muilta sivustoilta upotettu sis\u00e4lt\u00f6<\/strong><br>T\u00e4m\u00e4n sivuston artikkelit voivat sis\u00e4lt\u00e4\u00e4 upotettua sis\u00e4lt\u00f6\u00e4 (esimerkiksi videoita, kuvia, artikkeleita jne.). Toisilta sivustoilta tuodun upotetun sis\u00e4ll\u00f6n avaaminen on verrattavissa siihen, ett\u00e4 vierailija itse k\u00e4visi kolmannen osapuolen sivustolla.<br>N\u00e4m\u00e4 sivustot voivat ker\u00e4t\u00e4 tietoa sinusta, k\u00e4ytt\u00e4\u00e4 ev\u00e4steit\u00e4, upottaa kolmannen osapuolen seurantaev\u00e4steit\u00e4 ja monitoroida vuorovaikutustasi upotetun sis\u00e4ll\u00f6n kanssa, mukaan lukien vuorovaikutuksen seuranta jos ja kun olet kirjautunut k\u00e4ytt\u00e4j\u00e4n\u00e4 sivustolle.<br>\u00a0<br><strong>Emme tee sinua koskevia profilointeja ja automaattisia p\u00e4\u00e4t\u00f6ksi\u00e4.<\/strong><br>\u00a0<br><strong>Henkil\u00f6tietojasi vastaanottavat:<\/strong><br>\u2013 yrityksemme ja sen ty\u00f6ntekij\u00e4t<br>\u2013 maksunv\u00e4litt\u00e4j\u00e4, joka vastaanottaa sinulta maksun<br>\u2013 kuljetusyritys, joka kuljettaa tavaran sinulle<br>\u2013 tilitoimisto, joka kirjaa tilauksen kirjanpitoomme<br>\u2013 tilintarkastaja, joka tarkastaa kirjanpitomme<br>\u2013 tarpeen tullen valtuutettu palveluntarjoaja, jonka kanssa on sovittu asiakastietojen k\u00e4sittelyst\u00e4, joka ker\u00e4\u00e4 ja pakkaa tilauksesi tuotteet.<br>\u2013 tarpeen tullen tahot, kuten toimivaltaiset viranomaiset, joilla lains\u00e4\u00e4d\u00e4nn\u00f6n mukaan on oikeus tietojen saantiin.<br>Tietojasi ei luovuteta EU:n tai ETA:n ulkopuolelle.<br>\u00a0<br><strong>S\u00e4ilyt\u00e4mme henkil\u00f6tietojasi:<\/strong><br>\u2013 verkkokaupassa viiden vuoden ajan<br>\u2013 s\u00e4hk\u00f6postiarkistosssa kahdeksan vuoden ajan<br>\u2013 kirjanpitoaineistossa kahdeksan vuoden ajan<br>S\u00e4ilyt\u00e4mme my\u00f6s:<br>Mik\u00e4li j\u00e4t\u00e4t kommentin, kommenttia ja sen metatietoa s\u00e4ilytet\u00e4\u00e4n toistaiseksi. T\u00e4m\u00e4 tehd\u00e4\u00e4n siksi, ett\u00e4 voimme tunnistaa ja hyv\u00e4ksy\u00e4 seuraavat kommentit automaattisesti sen sijaan, ett\u00e4 s\u00e4ilytt\u00e4isimme ne moderointijonossa.<br>\u00a0<br><strong>Sinulla on seuraavat oikeudet:<\/strong><br>\u2013 oikeus tarkastaa itse\u00e4si koskevat henkil\u00f6tiedot. Mik\u00e4li sinulla on k\u00e4ytt\u00e4j\u00e4tili t\u00e4lle sivustolle, olet tehnyt tilauksen sivustolta tai olet j\u00e4tt\u00e4nyt kommentteja, voit pyyt\u00e4\u00e4 koostetiedostoa omista henkil\u00f6tiedoistasi, sis\u00e4lt\u00e4en kaiken henkil\u00f6tiedon, jonka olet meille antanut.<br>\u2013 oikeus tietojen oikaisemiseen. Jos sinua koskevat tiedot ovat virheellisi\u00e4 voit ottaa yhteytt\u00e4 asiakaspalveluumme tietojen oikaisemiseksi. Jos olet rekister\u00f6itynyt asiakas, voit my\u00f6s muokata omia tietojasi kun olet kirjautuneena omalle tilillesi verkkosivustollamme. Ainoastaan n\u00e4ytt\u00f6nime\u00e4 ei voi muokata.<br>\u2013 oikeus k\u00e4sittelyn rajoittamiseen (voit esimerkiksi kielt\u00e4\u00e4 markkinoinnin)<br>\u2013 oikeus vastustaa k\u00e4sittely\u00e4<br>\u2013 oikeus peruuttaa suostumus (voit esimerkiksi peruuttaa suostumuksesi markkinointiin)<br>\u2013 oikeus tehd\u00e4 valitus valvontaviranomaiselle<br>Huomioithan, ett\u00e4 sinulla on \u201coikeus tulla unohdetuksi\u201d vain, jos meill\u00e4 ei ole lakis\u00e4\u00e4teisi\u00e4 velvoitteita jatkaa henkil\u00f6tietojesi k\u00e4sittely\u00e4.<br>Jos sinulla on kysytt\u00e4v\u00e4\u00e4 liittyen tietoihisi, haluat poistaa tai korjata henkil\u00f6tietojasi, ota yhteys asiakaspalveluumme satu@olipakerran.fi\u00a0 Pyynt\u00f6 tarkistaa tiedot, poistaa tai korjata henkil\u00f6tietoja tulee tehd\u00e4 kirjallisesti. Tarvittaessa voimme pyyt\u00e4\u00e4 pyynn\u00f6n esitt\u00e4j\u00e4\u00e4 todistamaan henkil\u00f6llisyytens\u00e4.<br>\u00a0<br><strong>Ev\u00e4steet<\/strong><br>Jos j\u00e4t\u00e4t kommentin sivustolle, voit valita nimen, s\u00e4hk\u00f6postiosoitteen ja url-osoitteen tallennuksen ev\u00e4steeseen. T\u00e4m\u00e4 toiminto lis\u00e4\u00e4 k\u00e4ytt\u00f6mukavuutta, koska lomaketta ei tarvitse t\u00e4ytt\u00e4\u00e4 jokaisella kerralla uudelleen kommenttia lis\u00e4tess\u00e4. Ev\u00e4stetieto poistetaan selaimesta vuoden kuluttua.<br>Mik\u00e4li sinulla on tili ja kirjaudut sivustolle asetamme v\u00e4liaikaisen ev\u00e4steen, joka p\u00e4\u00e4ttelee tukeeko selaimesi ev\u00e4steit\u00e4 vai ei. T\u00e4m\u00e4 ev\u00e4ste ei sis\u00e4ll\u00e4 henkil\u00f6tietoa ja se poistetaan kun selainikkuna suljetaan.<br>Kun kirjaudut sis\u00e4\u00e4n asetamme useita ev\u00e4steit\u00e4, jotka tallentavat kirjautumis- sek\u00e4 n\u00e4ytt\u00f6asetuksesi. Kirjautumisev\u00e4steet poistetaan kahden vuorokauden kuluessa, n\u00e4ytt\u00f6asetuksiin liittyv\u00e4t ev\u00e4steet poistuvat vuoden p\u00e4\u00e4st\u00e4. Mik\u00e4li valitset \u201cMuista minut\u201d kirjautumisen yhteydess\u00e4, kirjautumistietojasi s\u00e4ilytet\u00e4\u00e4n kahden viikon ajan. Mik\u00e4li kirjaudut ulos, kirjautumiseen liittyv\u00e4t ev\u00e4steet poistetaan samassa yhteydess\u00e4.<br>Mik\u00e4li julkaiset artikkelin tai muokkaat olemassa olevaa tallennamme selaimeen ev\u00e4steen, joka sis\u00e4lt\u00e4\u00e4 muokattavan artikkelin ID:n. Ev\u00e4ste vanhenee yhdess\u00e4 vuorokaudessa.<br>\u00a0<br><strong>Muutokset tietosuojaselosteeseen:<\/strong><br>Ilmoitamme sivustollamme tietosuojaselosteeseen tulleista muutoksista.<\/p>\n","protected":false},"excerpt":{"rendered":"<p>Verkkosivustomme osoite on: https:\/\/olipakerran.fi.Rekisterinpit\u00e4j\u00e4: Mollavauva OyM\u00e4ntytie 23, 02270 Espoop.0456029101asiakaspalvelu@mollavauva.fiY-tunnus: 2467203-9\u00a0Ker\u00e4\u00e4m\u00e4mme tiedot ja niiden k\u00e4ytt\u00f6Ker\u00e4\u00e4mme henkil\u00f6tietoja asiakassuhteen hoitamista varten. Henkil\u00f6tietojen k\u00e4sittelyn oikeusperusteena on meid\u00e4n v\u00e4linen sopimus ja siit\u00e4 johtuvat lakis\u00e4\u00e4teiset velvoitteet. Henkil\u00f6tietojen antaminen on edellytys sopimuksen syntymiselle. Toisin sanoen et voi tilata verkkokaupastamme tavaroita, jos et anna henkil\u00f6tietojasi.Tiedot sinulta itselt\u00e4si:-Yhteystiedot kuten nimi, osoite, puhelin, s\u00e4hk\u00f6postiPalvelun k\u00e4yt\u00f6st\u00e4 [&hellip;]<\/p>\n","protected":false},"author":1,"featured_media":0,"parent":0,"menu_order":0,"comment_status":"closed","ping_status":"open","template":"","meta":{"_et_pb_use_builder":"","_et_pb_old_content":"","_et_gb_content_width":"","footnotes":""},"class_list":["post-3","page","type-page","status-publish","hentry"],"_links":{"self":[{"href":"https:\/\/test.olipakerran.fi\/index.php\/wp-json\/wp\/v2\/pages\/3","targetHints":{"allow":["GET"]}}],"collection":[{"href":"https:\/\/test.olipakerran.fi\/index.php\/wp-json\/wp\/v2\/pages"}],"about":[{"href":"https:\/\/test.olipakerran.fi\/index.php\/wp-json\/wp\/v2\/types\/page"}],"author":[{"embeddable":true,"href":"https:\/\/test.olipakerran.fi\/index.php\/wp-json\/wp\/v2\/users\/1"}],"replies":[{"embeddable":true,"href":"https:\/\/test.olipakerran.fi\/index.php\/wp-json\/wp\/v2\/comments?post=3"}],"version-history":[{"count":1,"href":"https:\/\/test.olipakerran.fi\/index.php\/wp-json\/wp\/v2\/pages\/3\/revisions"}],"predecessor-version":[{"id":225167,"href":"https:\/\/test.olipakerran.fi\/index.php\/wp-json\/wp\/v2\/pages\/3\/revisions\/225167"}],"wp:attachment":[{"href":"https:\/\/test.olipakerran.fi\/index.php\/wp-json\/wp\/v2\/media?parent=3"}],"curies":[{"name":"wp","href":"https:\/\/api.w.org\/{rel}","templated":true}]}}